{"id":287,"date":"2015-07-12T20:27:22","date_gmt":"2015-07-12T19:27:22","guid":{"rendered":"https:\/\/www.chalet-k.ch\/fr\/disclaimer\/"},"modified":"2015-07-20T00:27:39","modified_gmt":"2015-07-19T23:27:39","slug":"disclaimer","status":"publish","type":"page","link":"https:\/\/www.chalet-k.ch\/fr\/disclaimer\/","title":{"rendered":"Disclaimer"},"content":{"rendered":"<h3>1. G\u00e9n\u00e9ralit\u00e9s<\/h3>\n<p>Par l\u2019utilisation du site web chalet-k.ch (ci apr\u00e8s le site), vous acceptez express\u00e9ment les conditions ci-dessous.<\/p>\n<h3>2. Copyright<\/h3>\n<p>Est consid\u00e9r\u00e9 comme donn\u00e9e tous textes, images, vid\u00e9os, sons ou codes sources pr\u00e9sents sur le site. Toute donn\u00e9e pr\u00e9sente sur ce site est la propri\u00e9t\u00e9 de son auteur. Aucune donn\u00e9e ne pourra \u00eatre utilis\u00e9e, modifi\u00e9e ou reproduite sans le consentement \u00e9crit du propri\u00e9taire du site.<\/p>\n<h3>3. Protection des donn\u00e9es<\/h3>\n<p>Ce site utilise Google Analytics, un service d&rsquo;analyse de site internet fourni par Google Inc. (\u00abGoogle\u00bb). Google Analytics utilise des cookies , qui sont des fichiers texte plac\u00e9s sur votre ordinateur, pour aider le site internet \u00e0 analyser l&rsquo;utilisation du site par ses utilisateurs. Les donn\u00e9es g\u00e9n\u00e9r\u00e9es par les cookies concernant votre utilisation du site (y compris votre adresse IP) seront transmises et stock\u00e9es par Google sur des serveurs situ\u00e9s aux Etats-Unis. Google utilisera cette information dans le but d&rsquo;\u00e9valuer votre utilisation du site, de compiler des rapports sur l&rsquo;activit\u00e9 du site \u00e0 destination de son \u00e9diteur et de fournir d&rsquo;autres services relatifs \u00e0 l&rsquo;activit\u00e9 du site et \u00e0 l&rsquo;utilisation d&rsquo;Internet. Google est susceptible de communiquer ces donn\u00e9es \u00e0 des tiers en cas d&rsquo;obligation l\u00e9gale ou lorsque ces tiers traitent ces donn\u00e9es pour le compte de Google, y compris notamment l&rsquo;\u00e9diteur de ce site. Google ne recoupera pas votre adresse IP avec toute autre donn\u00e9e d\u00e9tenue par Google. Vous pouvez d\u00e9sactiver l&rsquo;utilisation de cookies en s\u00e9lectionnant les param\u00e8tres appropri\u00e9s de votre navigateur. Cependant, une telle d\u00e9sactivation pourrait emp\u00eacher l&rsquo;utilisation de certaines fonctionnalit\u00e9s de ce site. En utilisant ce site internet, vous consentez express\u00e9ment au traitement de vos donn\u00e9es nominatives par Google dans les conditions et pour les finalit\u00e9s d\u00e9crites ci-dessus.<\/p>\n<h3>4. V\u00e9racit\u00e9 des informations<\/h3>\n<p>Ce site s\u2019efforce d\u2019offrir les informations les plus exactes et les plus compl\u00e8tes possibles. Toutefois, aucune personne ne pourra pr\u00e9tendre \u00e0 r\u00e9paration si, par l\u2019utilisation d\u2019une information contenue sur le site, elle venait \u00e0 subir un pr\u00e9judice.<\/p>\n<h3>5. Sites li\u00e9s<\/h3>\n<p>Le propri\u00e9taire du site d\u00e9cline toute responsabilit\u00e9 quant au contenu des sites li\u00e9s \u00e0 l\u2019aide d\u2019un lien hypertexte.<\/p>\n<h3>6. Pr\u00e9judice caus\u00e9 \u00e0 un tiers<\/h3>\n<p>Le propri\u00e9taire du site ne saurait \u00eatre tenu responsable d\u2019un quelconque pr\u00e9judice pouvant \u00eatre caus\u00e9 \u00e0 un tiers par une utilisation inappropri\u00e9e du site et d\u00e9cline toute responsabilit\u00e9 pouvant en r\u00e9sulter.<\/p>\n<h3>7. For juridique<\/h3>\n<p>Conform\u00e9ment au droit suisse, tout litige concernant l\u2019interpr\u00e9tation ou l\u2019ex\u00e9cution des pr\u00e9sentes conditions g\u00e9n\u00e9rales est du ressort du Tribunal comp\u00e9tent au domicile du propri\u00e9taire du site (Lausanne, Suisse).<\/p>\n<h3>8. Conclusions<\/h3>\n<p>Les pr\u00e9sentes conditions g\u00e9n\u00e9rales sont valables avec effet imm\u00e9diat et peuvent \u00eatre chang\u00e9es en tout temps par le propri\u00e9taire du site. Les changements de Conditions d&rsquo;utilisation seront communiqu\u00e9s sur ce site.<\/p>\n<p>Zermatt, le 20 juillet 2015.<\/p>\n","protected":false},"excerpt":{"rendered":"<p>1. G\u00e9n\u00e9ralit\u00e9s Par l\u2019utilisation du site web chalet-k.ch (ci apr\u00e8s le site), vous acceptez express\u00e9ment les conditions ci-dessous. 2. Copyright Est consid\u00e9r\u00e9 comme donn\u00e9e tous textes, images, vid\u00e9os, sons ou codes sources pr\u00e9sents sur le site. Toute donn\u00e9e pr\u00e9sente sur ce site est la propri\u00e9t\u00e9 de son auteur. Aucune donn\u00e9e ne pourra \u00eatre utilis\u00e9e, modifi\u00e9e [&hellip;]<\/p>\n","protected":false},"author":1,"featured_media":0,"parent":0,"menu_order":0,"comment_status":"closed","ping_status":"closed","template":"","meta":{"footnotes":""},"class_list":["post-287","page","type-page","status-publish","hentry"],"_links":{"self":[{"href":"https:\/\/www.chalet-k.ch\/fr\/wp-json\/wp\/v2\/pages\/287","targetHints":{"allow":["GET"]}}],"collection":[{"href":"https:\/\/www.chalet-k.ch\/fr\/wp-json\/wp\/v2\/pages"}],"about":[{"href":"https:\/\/www.chalet-k.ch\/fr\/wp-json\/wp\/v2\/types\/page"}],"author":[{"embeddable":true,"href":"https:\/\/www.chalet-k.ch\/fr\/wp-json\/wp\/v2\/users\/1"}],"replies":[{"embeddable":true,"href":"https:\/\/www.chalet-k.ch\/fr\/wp-json\/wp\/v2\/comments?post=287"}],"version-history":[{"count":1,"href":"https:\/\/www.chalet-k.ch\/fr\/wp-json\/wp\/v2\/pages\/287\/revisions"}],"predecessor-version":[{"id":288,"href":"https:\/\/www.chalet-k.ch\/fr\/wp-json\/wp\/v2\/pages\/287\/revisions\/288"}],"wp:attachment":[{"href":"https:\/\/www.chalet-k.ch\/fr\/wp-json\/wp\/v2\/media?parent=287"}],"curies":[{"name":"wp","href":"https:\/\/api.w.org\/{rel}","templated":true}]}}